{"id":413,"date":"2016-04-17T23:08:25","date_gmt":"2016-04-17T23:08:25","guid":{"rendered":"https:\/\/jilab.fi\/?page_id=413"},"modified":"2020-01-27T08:32:36","modified_gmt":"2020-01-27T08:32:36","slug":"diagnostiikka","status":"publish","type":"page","link":"https:\/\/jilab.fi\/index.php\/diagnostiikka\/","title":{"rendered":"Diagnostiikka"},"content":{"rendered":"<p>Jilab Oy tarjoaa kasvaintutkimuslaboratorion diagnostiikkapalveluita terveydenhuollon ammattilaisille.<\/p>\n<p>Kasvaintutkimuslaboratoriossa tehd\u00e4\u00e4n seuraavanlaisia patologian erikoisalan tutkimuksia:<\/p>\n<ul>\n<li>Ts-HER2ISH (4721) Her-2 -onkogeenin geenimonistuman osoittaminen<\/li>\n<\/ul>\n<p>Yksik\u00f6n tuottamat tutkimukset noudattavat Sairaalaliiton hyv\u00e4ksym\u00e4\u00e4 tutkimusnimikkeist\u00f6\u00e4.<\/p>\n<p>&nbsp;<\/p>\n<p><strong>L\u00e4hetteet<\/strong><\/p>\n<p>L\u00e4hetteet ovat PDF-muotoisia dokumentteja. PDF-tiedostoja voit katsella Adobe Reader -ohjelmalla, jonka voit ladata ilmaiseksi Adoben kotisivuilta.<\/p>\n<ol>\n<li>Avaa l\u00e4hetepohja ja t\u00e4yt\u00e4 tarvittavat kent\u00e4t:<\/li>\n<li>L\u00e4hett\u00e4j\u00e4 (asiakkaan\/yrityksen nimi ja yhteystiedot)<\/li>\n<li>Kaikkien kenttien t\u00e4ytt\u00e4minen on t\u00e4rke\u00e4\u00e4, jotta n\u00e4ytteiden kirjaaminen tapahtuu virheett\u00f6m\u00e4sti. Lis\u00e4tietoja, puh. 050 540 3171.<\/li>\n<li>L\u00e4hetteen kaikki kent\u00e4t voi t\u00e4ytt\u00e4\u00e4 joko ruudulla tai tulostuksen j\u00e4lkeen k\u00e4sin.<\/li>\n<li>T\u00e4ytetty\u00e4si tarvittavat kent\u00e4t tulosta l\u00e4hete painamalla l\u00e4hetteen yl\u00e4laidassa olevaa Tulosta -painiketta.<\/li>\n<\/ol>\n<ul>\nLomakkeen tyhjennys onnistuu painamalla l\u00e4hetteen yl\u00e4laidassa olevaa Tyhjenn\u00e4 -painiketta.\n<\/ul>\n<p><a href=\"https:\/\/jilab.fi\/wp-content\/uploads\/2016\/04\/lahete_1.pdf\" rel=\"\">L\u00e4hete Ts-HER2ISH (4721) (PDF)<\/a><\/p>\n<p><a href=\"https:\/\/jilab.fi\/wp-content\/uploads\/2016\/04\/asiakasohje_HER2ISH4721.pdf\" rel=\"\">Asiakasohje Ts-HER2ISH (4721) (PDF)<\/a><\/p>\n<p>&nbsp;<\/p>\n<p><strong>Yhteystiedot<\/strong><\/p>\n<p>Osoite: Biokatu 6<br \/>\nFinn-Medi 1, 3. kerros<br \/>\n33520 TAMPERE<\/p>\n<p>N\u00e4ytetiedustelut laboratoriosta puhelinnumerosta: 050 540 3171<\/p>\n","protected":false},"excerpt":{"rendered":"<p>Jilab Oy tarjoaa kasvaintutkimuslaboratorion diagnostiikkapalveluita terveydenhuollon ammattilaisille. Kasvaintutkimuslaboratoriossa tehd\u00e4\u00e4n seuraavanlaisia patologian erikoisalan tutkimuksia: Ts-HER2ISH (4721) Her-2 -onkogeenin geenimonistuman osoittaminen Yksik\u00f6n tuottamat tutkimukset noudattavat Sairaalaliiton hyv\u00e4ksym\u00e4\u00e4 tutkimusnimikkeist\u00f6\u00e4. &nbsp; L\u00e4hetteet L\u00e4hetteet ovat PDF-muotoisia dokumentteja. PDF-tiedostoja voit katsella Adobe Reader -ohjelmalla, jonka voit ladata ilmaiseksi Adoben kotisivuilta. Avaa l\u00e4hetepohja ja t\u00e4yt\u00e4 tarvittavat kent\u00e4t: L\u00e4hett\u00e4j\u00e4 (asiakkaan\/yrityksen nimi ja yhteystiedot) [&hellip;]<\/p>\n","protected":false},"author":2,"featured_media":0,"parent":0,"menu_order":0,"comment_status":"closed","ping_status":"closed","template":"","meta":{"footnotes":""},"class_list":["post-413","page","type-page","status-publish","hentry"],"_links":{"self":[{"href":"https:\/\/jilab.fi\/index.php\/wp-json\/wp\/v2\/pages\/413","targetHints":{"allow":["GET"]}}],"collection":[{"href":"https:\/\/jilab.fi\/index.php\/wp-json\/wp\/v2\/pages"}],"about":[{"href":"https:\/\/jilab.fi\/index.php\/wp-json\/wp\/v2\/types\/page"}],"author":[{"embeddable":true,"href":"https:\/\/jilab.fi\/index.php\/wp-json\/wp\/v2\/users\/2"}],"replies":[{"embeddable":true,"href":"https:\/\/jilab.fi\/index.php\/wp-json\/wp\/v2\/comments?post=413"}],"version-history":[{"count":9,"href":"https:\/\/jilab.fi\/index.php\/wp-json\/wp\/v2\/pages\/413\/revisions"}],"predecessor-version":[{"id":714,"href":"https:\/\/jilab.fi\/index.php\/wp-json\/wp\/v2\/pages\/413\/revisions\/714"}],"wp:attachment":[{"href":"https:\/\/jilab.fi\/index.php\/wp-json\/wp\/v2\/media?parent=413"}],"curies":[{"name":"wp","href":"https:\/\/api.w.org\/{rel}","templated":true}]}}