{"id":421,"date":"2016-04-17T23:13:01","date_gmt":"2016-04-17T23:13:01","guid":{"rendered":"https:\/\/jilab.fi\/?page_id=421"},"modified":"2022-01-26T09:43:39","modified_gmt":"2022-01-26T09:43:39","slug":"ts-her21sh","status":"publish","type":"page","link":"https:\/\/jilab.fi\/index.php\/ts-her21sh\/","title":{"rendered":"Ts-HER2ISH"},"content":{"rendered":"<p>Tutkimuksen tarkoituksena on HER-2-onkogeenin geenimonistuman osoittaminen. Menetelm\u00e4ll\u00e4 on hoidollista merkityst\u00e4 erityisesti rinta- ja mahasy\u00f6v\u00e4n t\u00e4sm\u00e4l\u00e4\u00e4kehoitojen valinnassa. Tutkimukset tehd\u00e4\u00e4n formaliinikiinnitetyst\u00e4 ja parafiiniin valetusta tavallisesta kudosn\u00e4ytteest\u00e4 (PAD-n\u00e4ytteest\u00e4). Yleens\u00e4 k\u00e4ytet\u00e4\u00e4n samaa n\u00e4yteblokkia kuin Ts-Res -tutkimuksessa.<\/p>\n<p>N\u00e4ytteeksi l\u00e4hetet\u00e4\u00e4n 5 kpl leikelaseja (SuperFrost-Plus aluslaseilla, leikepaksuus 3-4 mikrometri\u00e4. Leikelaseja tulee kuivattaa l\u00e4mp\u00f6kaapissa.<\/p>\n<p>Menetelm\u00e4n\u00e4 on kromogeeninen <em>in situ<\/em> -hybridisaatio HER2-geenikoetinta k\u00e4ytt\u00e4en.<\/p>\n<p>Tutkimuksessa patologi antaa diagnoosin (HER2-negatiivinen tai HER2-positiivinen) ja lausunnon. Kaksi geenikopiota (v\u00e4rj\u00e4ytynytt\u00e4 t\u00e4pl\u00e4\u00e4) tumassa tarkoittaa diploidiaa eli geenimonistumaa ei esiinny. Kuusi tai useampia kopioita tai kopioklusteri solussa tulkitaan positiiviseksi. <em>In situ<\/em> -hybridisaatiotutkimuksen lis\u00e4ksi tehd\u00e4\u00e4n aina my\u00f6s HER2-immunov\u00e4rj\u00e4ys. Rajatapauksissa voidaan tehd\u00e4 my\u00f6s kromosomi 17-sentromeerin hybridisaatio. &#8220;Rajatapaus&#8221;-vastauksia ei anneta lopullisiin vastauksiin.<\/p>\n<p><a href=\"https:\/\/jilab.fi\/wp-content\/uploads\/2016\/04\/asiakasohje_HER2ISH47214.pdf\" rel=\"\">Asiakasohje Ts-HER2ISH (4721) (PDF)<\/a><\/p>\n<p>&nbsp;<\/p>\n<p>&nbsp;<\/p>\n<p>&nbsp;<\/p>\n<p>&nbsp;<\/p>\n<p>&nbsp;<\/p>\n<p>&nbsp;<\/p>\n<p>&nbsp;<\/p>\n<p>&nbsp;<\/p>\n<p>&nbsp;<\/p>\n<p>&nbsp;<\/p>\n<p>&nbsp;<\/p>\n","protected":false},"excerpt":{"rendered":"<p>Tutkimuksen tarkoituksena on HER-2-onkogeenin geenimonistuman osoittaminen. Menetelm\u00e4ll\u00e4 on hoidollista merkityst\u00e4 erityisesti rinta- ja mahasy\u00f6v\u00e4n t\u00e4sm\u00e4l\u00e4\u00e4kehoitojen valinnassa. Tutkimukset tehd\u00e4\u00e4n formaliinikiinnitetyst\u00e4 ja parafiiniin valetusta tavallisesta kudosn\u00e4ytteest\u00e4 (PAD-n\u00e4ytteest\u00e4). Yleens\u00e4 k\u00e4ytet\u00e4\u00e4n samaa n\u00e4yteblokkia kuin Ts-Res -tutkimuksessa. N\u00e4ytteeksi l\u00e4hetet\u00e4\u00e4n 5 kpl leikelaseja (SuperFrost-Plus aluslaseilla, leikepaksuus 3-4 mikrometri\u00e4. Leikelaseja tulee kuivattaa l\u00e4mp\u00f6kaapissa. Menetelm\u00e4n\u00e4 on kromogeeninen in situ -hybridisaatio HER2-geenikoetinta k\u00e4ytt\u00e4en. Tutkimuksessa [&hellip;]<\/p>\n","protected":false},"author":2,"featured_media":0,"parent":0,"menu_order":0,"comment_status":"closed","ping_status":"closed","template":"","meta":{"footnotes":""},"class_list":["post-421","page","type-page","status-publish","hentry"],"_links":{"self":[{"href":"https:\/\/jilab.fi\/index.php\/wp-json\/wp\/v2\/pages\/421","targetHints":{"allow":["GET"]}}],"collection":[{"href":"https:\/\/jilab.fi\/index.php\/wp-json\/wp\/v2\/pages"}],"about":[{"href":"https:\/\/jilab.fi\/index.php\/wp-json\/wp\/v2\/types\/page"}],"author":[{"embeddable":true,"href":"https:\/\/jilab.fi\/index.php\/wp-json\/wp\/v2\/users\/2"}],"replies":[{"embeddable":true,"href":"https:\/\/jilab.fi\/index.php\/wp-json\/wp\/v2\/comments?post=421"}],"version-history":[{"count":8,"href":"https:\/\/jilab.fi\/index.php\/wp-json\/wp\/v2\/pages\/421\/revisions"}],"predecessor-version":[{"id":717,"href":"https:\/\/jilab.fi\/index.php\/wp-json\/wp\/v2\/pages\/421\/revisions\/717"}],"wp:attachment":[{"href":"https:\/\/jilab.fi\/index.php\/wp-json\/wp\/v2\/media?parent=421"}],"curies":[{"name":"wp","href":"https:\/\/api.w.org\/{rel}","templated":true}]}}